{"id":2164,"date":"2024-03-20T11:52:29","date_gmt":"2024-03-20T10:52:29","guid":{"rendered":"https:\/\/www.vendeelesdunes.geek-tonic.dev\/camping-promoties-tranche-sur-mer\/"},"modified":"2024-05-29T14:49:04","modified_gmt":"2024-05-29T12:49:04","slug":"camping-promoties-tranche-sur-mer","status":"publish","type":"page","link":"https:\/\/vendeelesdunes.geek-tonic.dev\/nl\/camping-promoties-tranche-sur-mer\/","title":{"rendered":"Promoties"},"content":{"rendered":"<section id=\"ls-section-block_1668e557fc857a5ac8b3bd9d65e81596\" class=\"ls-section  has-background has-color-4-background-color has-m-t m-t-0 has-m-b m-b-0 has-p-t p-t-14 has-p-b p-b-5\" >\r\n        <div class=\"container container--wide\">\r\n        \n\n<h1 class=\"ls__heading wp-block-heading has-text-align-center\">Campingaanbiedingen voor uw verblijf in de Vend\u00e9e<\/h1>\n\n\r\n    <\/div>\r\n<\/section><section id=\"ls-section-block_ef1cf61086dc41259e1111714daf9dda\" class=\"ls-section  has-background has-color-4-background-color has-m-t m-t-0 has-m-b m-b-0 has-p-t p-t-0 has-p-b p-b-6\" >\r\n        <div class=\"container \">\r\n        \n\n<ctv-offers data-display-mode=\"carousel\"><\/ctv-offers>\n\n\r\n    <\/div>\r\n<\/section><section id=\"ls-section-block_acb337746d653649164123399e60f6a8\" class=\"ls-section  page-one has-background has-color-4-background-color has-m-t m-t-0 has-m-b m-b-0 has-p-t p-t-14 has-p-b p-b-14\" >\r\n        <div class=\"container container--wide\">\r\n        \n\n<div class=\"wp-block-columns are-vertically-aligned-center is-layout-flex wp-container-core-columns-is-layout-1 wp-block-columns-is-layout-flex\">\n<div class=\"wp-block-column is-vertically-aligned-center animated fadeInLeft delay-100ms slow is-layout-flow wp-block-column-is-layout-flow\" style=\"flex-basis:45%\">\n<figure class=\"wp-block-image size-full\"><a href=\"https:\/\/www.vendeelesdunes.geek-tonic.dev\/wp-content\/uploads\/sites\/10\/2024\/03\/profitez-de-promo-en-reservant-en-direct.webp\"><img decoding=\"async\" width=\"900\" height=\"600\" src=\"https:\/\/www.vendeelesdunes.geek-tonic.dev\/wp-content\/uploads\/sites\/10\/2024\/03\/profitez-de-promo-en-reservant-en-direct.webp\" alt=\"profiteer van speciale aanbiedingen door direct te boeken\" class=\"wp-image-1980\" srcset=\"https:\/\/vendeelesdunes.geek-tonic.dev\/wp-content\/uploads\/sites\/10\/2024\/03\/profitez-de-promo-en-reservant-en-direct.webp 900w, https:\/\/vendeelesdunes.geek-tonic.dev\/wp-content\/uploads\/sites\/10\/2024\/03\/profitez-de-promo-en-reservant-en-direct-300x200.webp 300w, https:\/\/vendeelesdunes.geek-tonic.dev\/wp-content\/uploads\/sites\/10\/2024\/03\/profitez-de-promo-en-reservant-en-direct-768x512.webp 768w\" sizes=\"(max-width: 900px) 100vw, 900px\" \/><\/a><\/figure>\n<\/div>\n\n\n\n<div class=\"wp-block-column is-vertically-aligned-center animated fadeInRight slow is-layout-flow wp-block-column-is-layout-flow\" style=\"flex-basis:55%\">\n<h2 class=\"ls__heading wp-block-heading\">Profiteer van onze speciale aanbiedingen<\/h2>\n\n\n\n<p class=\"ls-paragraph\"><strong>Profitieren Sie von unserem FLASH-SPEZIALSOMMERANGEBOT mit 20% Rabatt f\u00fcr jeden Aufenthalt, bei einer Vermietung von mindestens 7 N\u00e4chten vom 6. Juli bis zum 31. August. Entdecken Sie die Vend\u00e9e und vergn\u00fcgen Sie sich mit der ganzen Familie in unserem Wasserpark mit Rutschen!<\/strong><\/p>\n\n\n\n<p class=\"ls-paragraph\">Bent u op zoek naar een <strong>camping<\/strong> met aantrekkelijke aanbiedingen voor uw volgende zomervakantie in de Vend\u00e9e? Zwischen dem atlantischen Ozean und den B\u00f6den von Longeville-sur-Mer liegt <a href=\"https:\/\/www.vendeelesdunes.geek-tonic.dev\/\">camping Les Dunes<\/a> met \u00e0 votre disposition la <a href=\"https:\/\/www.vendeelesdunes.geek-tonic.dev\/nl\/verhuur-mobil-home-tranche-sur-mer\/\">Standort des Mobilheims<\/a> oder des Standorts von <strong>camping \u00e0 des prix tr\u00e8s attractifs<\/strong>.<\/p>\n\n\n\n<p class=\"ls-paragraph\">Op een camping met speciale aanbiedingen kun je <strong>voordelig met het hele gezin<\/strong> op vakantie. Alle promoties voor onze camping, gelegen in een dennenbos met een XXL zwemparadijs, zijn beschikbaar op onze site. Blijf in contact! Kijk regelmatig op de website van camping Les Dunes voor de <strong>laatste aanbiedingen en kortingen<\/strong>.<\/p>\n\n\n\n<p class=\"ls-paragraph\">Geniet van een geweldige vakantie die gemakkelijk is voor je portemonnee! Speciale aanbiedingen voor kampeerplaatsen, speciale aanbiedingen voor juli of augustus, speciale aanbiedingen voor grote gezinnen, speciale weekendaanbiedingen of langetermijnverblijven: stel je eigen vakantie op maat samen in een groene omgeving op een steenworp afstand van het strand! En trakteer je gezin op een<strong> uitzonderlijke vakantie <\/strong>op een goedkope camping in de zonnige Vend\u00e9e.<\/p>\n<\/div>\n<\/div>\n\n\r\n    <\/div>\r\n<\/section><section id=\"ls-section-block_f6dc410520fc23f90dc481bc0fbce613\" class=\"ls-section  page-one animated fadeInUp slow  has-m-b m-b-0 has-p-t p-t-0 has-p-b p-b-0\" >\r\n        <div class=\"container container--wide\">\r\n        \n\n<h2 class=\"ls__heading wp-block-heading has-text-align-center m-t-5\">Onze promotieaanbiedingen<\/h2>\n\n\n\n<p class=\"ls-paragraph\"><strong>Sonderangebot &#8220;Premiers sur l&#8217;\u00c9t\u00e9&#8221; (Erste im Sommer)<\/strong><\/p>\n\n\n\n<p class=\"ls-paragraph\"><strong> Erhalten Sie bis zu 25% Rabatt<\/strong> f\u00fcr jeden Aufenthalt von 7 N\u00e4chten oder mehr zwischen dem 29. Juni und dem 27. Juli!<\/p>\n\n\n\n<p class=\"ls-paragraph\">Entdecken Sie die Vend\u00e9e, ein traumhaftes Reiseziel f\u00fcr Ihren Sommerurlaub. Genie\u00dfen Sie wundersch\u00f6ne Str\u00e4nde mit feinem Sand, die ideal zum Entspannen und Baden mit der ganzen Familie sind. Erkunden Sie die gr\u00fcnen W\u00e4lder auf Naturwanderungen, bei denen Sie eine au\u00dfergew\u00f6hnliche Artenvielfalt bewundern k\u00f6nnen.<\/p>\n\n\n\n<p class=\"ls-paragraph\">Die authentischen D\u00f6rfer der Vend\u00e9e werden Sie mit ihrem historischen Erbe und ihrer malerischen Atmosph\u00e4re verzaubern. Erleben Sie einzigartige Momente, indem Sie lokale M\u00e4rkte besuchen, an traditionellen Festen teilnehmen oder Wassersportaktivit\u00e4ten und Vergn\u00fcgungsparks ausprobieren.<\/p>\n\n\n\n<p class=\"ls-paragraph\">Lassen Sie sich dieses Sonderangebot nicht entgehen, um einen unvergesslichen Sommer zu erleben. Buchen Sie jetzt, um Rabatte zu erhalten, und erfahren Sie, warum die Vend\u00e9e das ideale Reiseziel f\u00fcr Ihren Sommerurlaub ist. Nutzen Sie diese Gelegenheit, um in dieser Region voller \u00dcberraschungen unvergessliche Erfahrungen zu machen.<\/p>\n\n\n\n<h2 class=\"ls__heading wp-block-heading has-text-align-center m-t-5\">Boek online en profiteer van onze beste tarieven<\/h2>\n\n\n\n<p class=\"ls-paragraph\"><strong>Sonderangebot &#8220;Freecamp&#8221;<\/strong><\/p>\n\n\n\n<p class=\"ls-paragraph\">Profitieren Sie jetzt von bis zu 15% Rabatt f\u00fcr jeden Aufenthalt von 7 N\u00e4chten oder mehr zwischen dem 29. Juni und dem 20. Juli. Unsere Premium Freecamp-Stellpl\u00e4tze bieten Ihnen den idealen Ort, um Ihr Zelt aufzustellen, Ihr Wohnmobil oder Ihren Wohnwagen zu parken, mit einem kleinen Luxus als Zugabe: eine private, voll ausgestattete H\u00fctte direkt nebenan!<\/p>\n\n\n\n<p class=\"ls-paragraph\">Of je nu een lang weekend, een paar dagen vakantie of een paar nachten weg wilt, onze promotiecamping nodigt je uit om een betoverende zomer te ontdekken in <a href=\"https:\/\/www.vendeelesdunes.geek-tonic.dev\/nl\/toerisme-koper\/\">Longeville sur mer<\/a> voor een geweldige prijs. Deze aanbieding is exclusief beschikbaar op onze website en die van<a href=\"https:\/\/www.flowercampings.com\/camping-vendee\/camping-les-dunes?esl-k=bing-ads%7Cn%7Cc71743393882082%7Cme%7Ck71743930178266%7Cp%7Ct%7Ca1147891838699466%7Cg590163091&amp;msclkid=630294817c801253cb69f287ee2e9c7b&amp;utm_source=bing&amp;utm_medium=cpc&amp;utm_campaign=FR%20-%20B%20-%20Camping&amp;utm_term=les%20dunes%20flower%20camping&amp;utm_content=Longeville-sur-Mer%20-%20Les%20Dunes\"> Flower Campings<\/a>, zodat je een eenvoudig reserveringsproces hebt voor een onvergetelijke campingvakantie met waterpark en <a href=\"https:\/\/www.vendeelesdunes.geek-tonic.dev\/nl\/camping-vijver-chauffee-tranche-sur-mer\/\">verwarmd zwembad<\/a>.  <\/p>\n\n\n\n<p class=\"ls-paragraph\">Ontdek de wonderen van de Vend\u00e9e, ontspan bij het zwembad of ga op spannende lokale avonturen. Dit is een unieke kans voor koppels en gezinnen om onvergetelijke herinneringen te cre\u00ebren op een 4-sterrencamping in de Vend\u00e9e. Mis deze kans niet om je plekje in de zon te reserveren voor juni, op camping Les Dunes.<\/p>\n\n\r\n    <\/div>\r\n<\/section><section id=\"ls-section-block_921a77d895d39ed1d80c908619a3929b\" class=\"ls-section  page-maillage experience\" >\r\n        <div class=\"container container--wide\">\r\n        \n\n<div id=\"ls-heading ls-titre-div-block_88eb61698fbe1bc52f37acf610d5b661\" class=\"ls-titre-div aligncenter h2-like\" >\n    Ontdek onze accommodaties en omgeving<\/div>\n\n\n<div id=\"ls-maillage-block_8b1159f56513ef232a3c678bc0932093\" class=\"ls-maillage cta-style-normal\" data-rows=\"3\">\n    <div class=\"wp-block-columns\"><div class=\"wp-block-column\"><div id=\"destinations\" class=\"ls-cta\">\n\n<a href=\"https:\/\/vendeelesdunes.geek-tonic.dev\/nl\/verhuur-mobil-home-tranche-sur-mer\/\" target=\"\" rel=\"noopener\" class=\"ls-cta__link\">\n\n\t<div class=\"ls-cta__image\"><img decoding=\"async\" src=\"https:\/\/vendeelesdunes.geek-tonic.dev\/wp-content\/uploads\/sites\/10\/2024\/03\/louer-un-mobil-home-en-vendee.webp\" alt=\"stacaravan huren in vendee\"><\/div>\n\t<div class=\"ls-cta__title\">\n\t\tVerhuur\t<\/div>\n\n\t\t\n<\/a><\/div><\/div><div class=\"wp-block-column\"><div id=\"destinations\" class=\"ls-cta\">\n\n<a href=\"https:\/\/vendeelesdunes.geek-tonic.dev\/nl\/locatie-verhuur-tranche-sur-mer\/\" target=\"\" rel=\"noopener\" class=\"ls-cta__link\">\n\n\t<div class=\"ls-cta__image\"><img decoding=\"async\" src=\"https:\/\/vendeelesdunes.geek-tonic.dev\/wp-content\/uploads\/sites\/10\/2024\/03\/camping-les-dunes-emplacements-tentes.webp\" alt=\"camping les duins tent plaatsen\"><\/div>\n\t<div class=\"ls-cta__title\">\n\t\tLocatie\t<\/div>\n\n\t\t\n<\/a><\/div><\/div><div class=\"wp-block-column\"><div id=\"destinations\" class=\"ls-cta\">\n\n<a href=\"https:\/\/vendeelesdunes.geek-tonic.dev\/nl\/toerisme-koper\/\" target=\"\" rel=\"noopener\" class=\"ls-cta__link\">\n\n\t<div class=\"ls-cta__image\"><img decoding=\"async\" src=\"https:\/\/vendeelesdunes.geek-tonic.dev\/wp-content\/uploads\/sites\/10\/2024\/03\/camping-pour-visiter-la-vendee.webp\" alt=\"camping om de vendee te bezoeken\"><\/div>\n\t<div class=\"ls-cta__title\">\n\t\tIn de regio\t<\/div>\n\n\t\t\n<\/a><\/div><\/div><\/div><\/div>\n\r\n    <\/div>\r\n<\/section>","protected":false},"excerpt":{"rendered":"","protected":false},"author":1,"featured_media":1993,"parent":0,"menu_order":0,"comment_status":"closed","ping_status":"closed","template":"","meta":{"_acf_changed":false,"footnotes":""},"sujet":[],"class_list":["post-2164","page","type-page","status-publish","has-post-thumbnail","hentry"],"acf":[],"yoast_head":"<!-- This site is optimized with the Yoast SEO plugin v23.9 - https:\/\/yoast.com\/wordpress\/plugins\/seo\/ -->\n<title>Speciale aanbiedingen camping Vend\u00e9e | Speciale aanbiedingen camping Tranche-sur-Mer<\/title>\n<meta name=\"robots\" content=\"noindex, follow, max-snippet:-1, max-image-preview:large, max-video-preview:-1\" \/>\n<meta property=\"og:locale\" content=\"nl_NL\" \/>\n<meta property=\"og:type\" content=\"article\" \/>\n<meta property=\"og:title\" content=\"Speciale aanbiedingen camping Vend\u00e9e | Speciale aanbiedingen camping Tranche-sur-Mer\" \/>\n<meta property=\"og:url\" content=\"https:\/\/vendeelesdunes.geek-tonic.dev\/nl\/camping-promoties-tranche-sur-mer\/\" \/>\n<meta property=\"og:site_name\" content=\"Camping les Dunes\" \/>\n<meta property=\"article:modified_time\" content=\"2024-05-29T12:49:04+00:00\" \/>\n<meta property=\"og:image\" content=\"https:\/\/vendeelesdunes.geek-tonic.dev\/wp-content\/uploads\/sites\/10\/2024\/03\/camping-pas-cher-en-vendee.webp\" \/>\n\t<meta property=\"og:image:width\" content=\"1920\" \/>\n\t<meta property=\"og:image:height\" content=\"620\" \/>\n\t<meta property=\"og:image:type\" content=\"image\/webp\" \/>\n<meta name=\"twitter:card\" content=\"summary_large_image\" \/>\n<meta name=\"twitter:label1\" content=\"Geschatte leestijd\" \/>\n\t<meta name=\"twitter:data1\" content=\"3 minuten\" \/>\n<script type=\"application\/ld+json\" class=\"yoast-schema-graph\">{\"@context\":\"https:\/\/schema.org\",\"@graph\":[{\"@type\":\"WebPage\",\"@id\":\"https:\/\/vendeelesdunes.geek-tonic.dev\/nl\/camping-promoties-tranche-sur-mer\/\",\"url\":\"https:\/\/vendeelesdunes.geek-tonic.dev\/nl\/camping-promoties-tranche-sur-mer\/\",\"name\":\"Speciale aanbiedingen camping Vend\u00e9e | Speciale aanbiedingen camping Tranche-sur-Mer\",\"isPartOf\":{\"@id\":\"https:\/\/vendeelesdunes.geek-tonic.dev\/nl\/#website\"},\"primaryImageOfPage\":{\"@id\":\"https:\/\/vendeelesdunes.geek-tonic.dev\/nl\/camping-promoties-tranche-sur-mer\/#primaryimage\"},\"image\":{\"@id\":\"https:\/\/vendeelesdunes.geek-tonic.dev\/nl\/camping-promoties-tranche-sur-mer\/#primaryimage\"},\"thumbnailUrl\":\"https:\/\/vendeelesdunes.geek-tonic.dev\/wp-content\/uploads\/sites\/10\/2024\/03\/camping-pas-cher-en-vendee.webp\",\"datePublished\":\"2024-03-20T10:52:29+00:00\",\"dateModified\":\"2024-05-29T12:49:04+00:00\",\"breadcrumb\":{\"@id\":\"https:\/\/vendeelesdunes.geek-tonic.dev\/nl\/camping-promoties-tranche-sur-mer\/#breadcrumb\"},\"inLanguage\":\"nl-NL\",\"potentialAction\":[{\"@type\":\"ReadAction\",\"target\":[\"https:\/\/vendeelesdunes.geek-tonic.dev\/nl\/camping-promoties-tranche-sur-mer\/\"]}]},{\"@type\":\"ImageObject\",\"inLanguage\":\"nl-NL\",\"@id\":\"https:\/\/vendeelesdunes.geek-tonic.dev\/nl\/camping-promoties-tranche-sur-mer\/#primaryimage\",\"url\":\"https:\/\/vendeelesdunes.geek-tonic.dev\/wp-content\/uploads\/sites\/10\/2024\/03\/camping-pas-cher-en-vendee.webp\",\"contentUrl\":\"https:\/\/vendeelesdunes.geek-tonic.dev\/wp-content\/uploads\/sites\/10\/2024\/03\/camping-pas-cher-en-vendee.webp\",\"width\":1920,\"height\":620,\"caption\":\"goedkoop kamperen in vendee\"},{\"@type\":\"BreadcrumbList\",\"@id\":\"https:\/\/vendeelesdunes.geek-tonic.dev\/nl\/camping-promoties-tranche-sur-mer\/#breadcrumb\",\"itemListElement\":[{\"@type\":\"ListItem\",\"position\":1,\"name\":\"Camping Vend\u00e9e\",\"item\":\"https:\/\/vendeelesdunes.geek-tonic.dev\/nl\/\"},{\"@type\":\"ListItem\",\"position\":2,\"name\":\"Camping met speciale aanbiedingen in de buurt van La Tranche-sur-Mer\"}]},{\"@type\":\"WebSite\",\"@id\":\"https:\/\/vendeelesdunes.geek-tonic.dev\/nl\/#website\",\"url\":\"https:\/\/vendeelesdunes.geek-tonic.dev\/nl\/\",\"name\":\"Camping les Dunes\",\"description\":\"\",\"publisher\":{\"@id\":\"https:\/\/vendeelesdunes.geek-tonic.dev\/nl\/#organization\"},\"potentialAction\":[{\"@type\":\"SearchAction\",\"target\":{\"@type\":\"EntryPoint\",\"urlTemplate\":\"https:\/\/vendeelesdunes.geek-tonic.dev\/nl\/?s={search_term_string}\"},\"query-input\":{\"@type\":\"PropertyValueSpecification\",\"valueRequired\":true,\"valueName\":\"search_term_string\"}}],\"inLanguage\":\"nl-NL\"},{\"@type\":\"Organization\",\"@id\":\"https:\/\/vendeelesdunes.geek-tonic.dev\/nl\/#organization\",\"name\":\"Camping les Dunes\",\"url\":\"https:\/\/vendeelesdunes.geek-tonic.dev\/nl\/\",\"logo\":{\"@type\":\"ImageObject\",\"inLanguage\":\"nl-NL\",\"@id\":\"https:\/\/vendeelesdunes.geek-tonic.dev\/nl\/#\/schema\/logo\/image\/\",\"url\":\"https:\/\/vendeelesdunes.geek-tonic.dev\/wp-content\/uploads\/sites\/10\/2024\/03\/cropped-logo-Flower-camping-Les-Dunes.png\",\"contentUrl\":\"https:\/\/vendeelesdunes.geek-tonic.dev\/wp-content\/uploads\/sites\/10\/2024\/03\/cropped-logo-Flower-camping-Les-Dunes.png\",\"width\":500,\"height\":660,\"caption\":\"Camping les Dunes\"},\"image\":{\"@id\":\"https:\/\/vendeelesdunes.geek-tonic.dev\/nl\/#\/schema\/logo\/image\/\"}}]}<\/script>\n<!-- \/ Yoast SEO plugin. -->","yoast_head_json":{"title":"Speciale aanbiedingen camping Vend\u00e9e | Speciale aanbiedingen camping Tranche-sur-Mer","robots":{"index":"noindex","follow":"follow","max-snippet":"max-snippet:-1","max-image-preview":"max-image-preview:large","max-video-preview":"max-video-preview:-1"},"og_locale":"nl_NL","og_type":"article","og_title":"Speciale aanbiedingen camping Vend\u00e9e | Speciale aanbiedingen camping Tranche-sur-Mer","og_url":"https:\/\/vendeelesdunes.geek-tonic.dev\/nl\/camping-promoties-tranche-sur-mer\/","og_site_name":"Camping les Dunes","article_modified_time":"2024-05-29T12:49:04+00:00","og_image":[{"width":1920,"height":620,"url":"https:\/\/vendeelesdunes.geek-tonic.dev\/wp-content\/uploads\/sites\/10\/2024\/03\/camping-pas-cher-en-vendee.webp","type":"image\/webp"}],"twitter_card":"summary_large_image","twitter_misc":{"Geschatte leestijd":"3 minuten"},"schema":{"@context":"https:\/\/schema.org","@graph":[{"@type":"WebPage","@id":"https:\/\/vendeelesdunes.geek-tonic.dev\/nl\/camping-promoties-tranche-sur-mer\/","url":"https:\/\/vendeelesdunes.geek-tonic.dev\/nl\/camping-promoties-tranche-sur-mer\/","name":"Speciale aanbiedingen camping Vend\u00e9e | Speciale aanbiedingen camping Tranche-sur-Mer","isPartOf":{"@id":"https:\/\/vendeelesdunes.geek-tonic.dev\/nl\/#website"},"primaryImageOfPage":{"@id":"https:\/\/vendeelesdunes.geek-tonic.dev\/nl\/camping-promoties-tranche-sur-mer\/#primaryimage"},"image":{"@id":"https:\/\/vendeelesdunes.geek-tonic.dev\/nl\/camping-promoties-tranche-sur-mer\/#primaryimage"},"thumbnailUrl":"https:\/\/vendeelesdunes.geek-tonic.dev\/wp-content\/uploads\/sites\/10\/2024\/03\/camping-pas-cher-en-vendee.webp","datePublished":"2024-03-20T10:52:29+00:00","dateModified":"2024-05-29T12:49:04+00:00","breadcrumb":{"@id":"https:\/\/vendeelesdunes.geek-tonic.dev\/nl\/camping-promoties-tranche-sur-mer\/#breadcrumb"},"inLanguage":"nl-NL","potentialAction":[{"@type":"ReadAction","target":["https:\/\/vendeelesdunes.geek-tonic.dev\/nl\/camping-promoties-tranche-sur-mer\/"]}]},{"@type":"ImageObject","inLanguage":"nl-NL","@id":"https:\/\/vendeelesdunes.geek-tonic.dev\/nl\/camping-promoties-tranche-sur-mer\/#primaryimage","url":"https:\/\/vendeelesdunes.geek-tonic.dev\/wp-content\/uploads\/sites\/10\/2024\/03\/camping-pas-cher-en-vendee.webp","contentUrl":"https:\/\/vendeelesdunes.geek-tonic.dev\/wp-content\/uploads\/sites\/10\/2024\/03\/camping-pas-cher-en-vendee.webp","width":1920,"height":620,"caption":"goedkoop kamperen in vendee"},{"@type":"BreadcrumbList","@id":"https:\/\/vendeelesdunes.geek-tonic.dev\/nl\/camping-promoties-tranche-sur-mer\/#breadcrumb","itemListElement":[{"@type":"ListItem","position":1,"name":"Camping Vend\u00e9e","item":"https:\/\/vendeelesdunes.geek-tonic.dev\/nl\/"},{"@type":"ListItem","position":2,"name":"Camping met speciale aanbiedingen in de buurt van La Tranche-sur-Mer"}]},{"@type":"WebSite","@id":"https:\/\/vendeelesdunes.geek-tonic.dev\/nl\/#website","url":"https:\/\/vendeelesdunes.geek-tonic.dev\/nl\/","name":"Camping les Dunes","description":"","publisher":{"@id":"https:\/\/vendeelesdunes.geek-tonic.dev\/nl\/#organization"},"potentialAction":[{"@type":"SearchAction","target":{"@type":"EntryPoint","urlTemplate":"https:\/\/vendeelesdunes.geek-tonic.dev\/nl\/?s={search_term_string}"},"query-input":{"@type":"PropertyValueSpecification","valueRequired":true,"valueName":"search_term_string"}}],"inLanguage":"nl-NL"},{"@type":"Organization","@id":"https:\/\/vendeelesdunes.geek-tonic.dev\/nl\/#organization","name":"Camping les Dunes","url":"https:\/\/vendeelesdunes.geek-tonic.dev\/nl\/","logo":{"@type":"ImageObject","inLanguage":"nl-NL","@id":"https:\/\/vendeelesdunes.geek-tonic.dev\/nl\/#\/schema\/logo\/image\/","url":"https:\/\/vendeelesdunes.geek-tonic.dev\/wp-content\/uploads\/sites\/10\/2024\/03\/cropped-logo-Flower-camping-Les-Dunes.png","contentUrl":"https:\/\/vendeelesdunes.geek-tonic.dev\/wp-content\/uploads\/sites\/10\/2024\/03\/cropped-logo-Flower-camping-Les-Dunes.png","width":500,"height":660,"caption":"Camping les Dunes"},"image":{"@id":"https:\/\/vendeelesdunes.geek-tonic.dev\/nl\/#\/schema\/logo\/image\/"}}]}},"_links":{"self":[{"href":"https:\/\/vendeelesdunes.geek-tonic.dev\/nl\/wp-json\/wp\/v2\/pages\/2164","targetHints":{"allow":["GET"]}}],"collection":[{"href":"https:\/\/vendeelesdunes.geek-tonic.dev\/nl\/wp-json\/wp\/v2\/pages"}],"about":[{"href":"https:\/\/vendeelesdunes.geek-tonic.dev\/nl\/wp-json\/wp\/v2\/types\/page"}],"author":[{"embeddable":true,"href":"https:\/\/vendeelesdunes.geek-tonic.dev\/nl\/wp-json\/wp\/v2\/users\/1"}],"replies":[{"embeddable":true,"href":"https:\/\/vendeelesdunes.geek-tonic.dev\/nl\/wp-json\/wp\/v2\/comments?post=2164"}],"version-history":[{"count":6,"href":"https:\/\/vendeelesdunes.geek-tonic.dev\/nl\/wp-json\/wp\/v2\/pages\/2164\/revisions"}],"predecessor-version":[{"id":2788,"href":"https:\/\/vendeelesdunes.geek-tonic.dev\/nl\/wp-json\/wp\/v2\/pages\/2164\/revisions\/2788"}],"wp:featuredmedia":[{"embeddable":true,"href":"https:\/\/vendeelesdunes.geek-tonic.dev\/nl\/wp-json\/wp\/v2\/media\/1993"}],"wp:attachment":[{"href":"https:\/\/vendeelesdunes.geek-tonic.dev\/nl\/wp-json\/wp\/v2\/media?parent=2164"}],"wp:term":[{"taxonomy":"sujet","embeddable":true,"href":"https:\/\/vendeelesdunes.geek-tonic.dev\/nl\/wp-json\/wp\/v2\/sujet?post=2164"}],"curies":[{"name":"wp","href":"https:\/\/api.w.org\/{rel}","templated":true}]}}